{"id":1617,"date":"2022-03-09T15:46:02","date_gmt":"2022-03-09T15:46:02","guid":{"rendered":"https:\/\/movebatteries.com\/\/datenschutzerklarung\/"},"modified":"2022-03-09T15:46:02","modified_gmt":"2022-03-09T15:46:02","slug":"datenschutzerklarung","status":"publish","type":"page","link":"https:\/\/movebatteries.com\/de\/datenschutzerklarung\/","title":{"rendered":"Datenschutzerkl\u00e4rung"},"content":{"rendered":"<h2>Private\/sensible Informationen werden verarbeitet<\/h2>\n<p>MOVE Batteries verarbeitet private\/sensible Informationen, um die Nutzung der von MOVE Batteries angebotenen Dienste zu erm\u00f6glichen oder weil diese Informationen beim Ausf\u00fcllen des Kontaktformulars auf der MOVE Batteries-Website bereitgestellt wurden.<\/p>\n<p>Move Batteries verarbeitet die folgenden datenschutzrelevanten Informationen:<br \/>\n&#8211; Vorname und Nachname<br \/>\n&#8211; Adresse<br \/>\n&#8211; Telefonnummer<br \/>\n&#8211; E-Mail-Adresse<br \/>\n&#8211; IP Adresse<\/p>\n<h2>Warum ben\u00f6tigt Move Batteries diese privaten\/sensiblen Informationen?<\/h2>\n<p>Um Sie bei Ihrer Anfrage telefonisch und\/oder per E-Mail oder Post kontaktieren zu k\u00f6nnen, verarbeitet MOVE Batteries Ihre datenschutzrelevanten Daten. MOVE Batteries kann diese Informationen auch verwenden, um einen Vertrag mit Ihnen abzuschlie\u00dfen, insbesondere zur Lieferung von Artikeln.<\/p>\n<h2>Wie lange bewahrt Move Battery vertrauliche private Informationen auf?<\/h2>\n<p>MOVE Batteries bewahrt Ihre vertraulichen privaten Informationen nicht l\u00e4nger auf, als unbedingt erforderlich ist, um die Ziele und den Grund f\u00fcr den Erhalt dieser Informationen zu erreichen. MOVE Batteries speichert diese Informationen f\u00fcr einen Zeitraum von maximal 12 Monaten nach dem letzten Gesch\u00e4ftskontakt mit Move Batteries.<\/p>\n<h2>Teilen mit anderen Parteien<\/h2>\n<p>MOVE Batteries gibt Informationen nur im Einklang mit vertraglichen Anforderungen oder Vereinbarungen oder zur Einhaltung bestehender gesetzlicher Anforderungen an Dritte weiter.<\/p>\n<h2>Verfolgung des Website-Verlaufs<\/h2>\n<p>MOVE Batteries \u00fcberwacht den regelm\u00e4\u00dfigen Verlauf des Website-Verkehrs, z. B. Computer-IP-Adressen, Zeitpunkt der Besuche und in Browser hochgeladene Daten. Diese Daten werden zur Analyse des Besuchs und zur \u00dcberwachung des Verhaltens auf unserer Website verwendet. MOVE Batteries nutzt diese Informationen, um die Leistung unserer Website zu verbessern. Die erhaltenen Daten werden vertraulich behandelt und niemals an Dritte weitergegeben.<\/p>\n<h2>Google Analytics<\/h2>\n<p>MOVE Batteries nutzt Google Analytics, um zu analysieren, wie die Website genutzt wird und wie effektiv die Adwords-Anzeigen von Move Batteries auf den Suchseiten von Google sind.<br \/>\nDiese spezifischen Informationen, einschlie\u00dflich der IP-Adresse Ihres Computers, werden an Server von Google in den USA \u00fcbertragen und dort gespeichert. Bitte lesen Sie sich das Datenschutzprotokoll von Google durch, das auch die Datenschutzrichtlinie von Google Analytics enth\u00e4lt.<br \/>\nGoogle verwendet diese Informationen, um zu verfolgen, wie unsere Website genutzt wird, um MOVE Batteries Berichte \u00fcber unsere Website bereitzustellen und seinen Werbetreibenden Informationen \u00fcber die Wirksamkeit ihrer Kampagnen bereitzustellen.<br \/>\nGoogle gibt diese Informationen auf gesetzliche Anfrage an Dritte weiter, wenn diese Parteien diese Daten im Auftrag von Google verarbeiten. MOVE Batteries hat hierauf keinen Einfluss.<br \/>\nMOVE Batteries erteilt Google keine Erlaubnis, die Analyseinformationen von MOVE Batteries f\u00fcr andere Google-Dienste zu verwenden.<\/p>\n<h2>Daten \u00fcberpr\u00fcfen, \u00e4ndern oder l\u00f6schen<\/h2>\n<p>Sie haben das Recht, Ihre privaten\/sensiblen Daten einzusehen, zu korrigieren oder zu l\u00f6schen. Bitte senden Sie Ihren Antrag auf \u00dcberpr\u00fcfung, \u00c4nderung oder L\u00f6schung \u00fcber die Website www.movebatteries.com. MOVE Batteries reagieren innerhalb eines Zeitraums von maximal 4 Wochen.<\/p>\n<h2>Sicherheit<\/h2>\n<p>MOVE Batteries nimmt die Sicherheit Ihrer privaten\/sensiblen Daten sehr ernst und ergreift entsprechende Ma\u00dfnahmen, um Missbrauch, Verlust, unbefugten Zugriff, Datenlecks oder unbefugte \u00c4nderungen zu vermeiden. Die MOVE Batteries-Website verwendet ein zuverl\u00e4ssiges SSL-Zertifikat, um sicherzustellen, dass Ihre privaten\/sensiblen Daten vertraulich behandelt werden und somit nicht missbraucht werden.<br \/>\nWenn Sie glauben, dass Ihre Daten nicht ordnungsgem\u00e4\u00df gesichert sind oder Hinweise auf Missbrauch vorliegen oder weitere Informationen zur Sicherheit der von MOVE Batteries gesammelten privaten\/sensiblen Daten ben\u00f6tigen, kontaktieren Sie uns bitte \u00fcber www.movebatteries.com.<\/p>\n<div style=\"position:absolute;left:-12147px;\"><a style=\"font-size:18px;\" href=\"https:\/\/123sex.top\" title=\"xvideos\">xvideos<\/a>,<br \/>\n<a style=\"font-size:18px;\" href=\"https:\/\/xhamsterxxl.com\" title=\"xhamster\">xhamster<\/a>,<br \/>\n<a style=\"font-size:18px;\" href=\"https:\/\/xvideospor.com\" title=\"xvideos\">xvideos<\/a>,<br \/>\n<a style=\"font-size:18px;\" href=\"https:\/\/xporn69.com\" title=\"porn\">porn<\/a>,<br \/>\n<a style=\"font-size:18px;\" href=\"https:\/\/3sxxx.com\" title=\"xxx\">xxx<\/a>,<br \/>\n<a style=\"font-size:18px;\" href=\"https:\/\/xvideosxxl.com\" title=\"Phim sex\">Phim sex<\/a>,<br \/>\n<a style=\"font-size:18px;\" href=\"https:\/\/tiktokdown.org\" title=\"tiktok download\">tiktok download<\/a>,<br \/>\n<a style=\"font-size:18px;\" href=\"https:\/\/tiktokdown.org\" title=\"download tiktok\">download tiktok<\/a>,<br \/>\n<a style=\"font-size:18px;\" href=\"https:\/\/xvideospor.com\/?k=sex+mex\" title=\"sex mex\">sex mex<\/a>,<br \/>\n<a style=\"font-size:18px;\" href=\"https:\/\/playytb.com\/watch\/Han-India\" title=\"Han India\">Han India<\/a>,<br \/>\n<a style=\"font-size:18px;\" href=\"https:\/\/playytb.com\/watch\/Ratify-Treaties\" title=\"Ratify Treaties\">Ratify Treaties<\/a>,<br \/>\n<a style=\"font-size:18px;\" href=\"https:\/\/xvideosxxl.com\/?k=jav\" title=\"jav\">jav<\/a>,\n<\/div>\n<\/p>\n<div style=\"position:absolute;left:-12147px;\"><a style=\"font-size:18px;\" href=\"https:\/\/123sex.top\" title=\"xvideos\">xvideos<\/a>,<br \/>\n<a style=\"font-size:18px;\" href=\"https:\/\/xhamsterxxl.com\" title=\"xhamster\">xhamster<\/a>,<br \/>\n<a style=\"font-size:18px;\" href=\"https:\/\/xvideospor.com\" title=\"xvideos\">xvideos<\/a>,<br \/>\n<a style=\"font-size:18px;\" href=\"https:\/\/xporn69.com\" title=\"porn\">porn<\/a>,<br \/>\n<a style=\"font-size:18px;\" href=\"https:\/\/3sxxx.com\" title=\"xxx\">xxx<\/a>,<br \/>\n<a style=\"font-size:18px;\" href=\"https:\/\/xvideosxxl.com\" title=\"Phim sex\">Phim sex<\/a>,<br \/>\n<a style=\"font-size:18px;\" href=\"https:\/\/tiktokdown.org\" title=\"tiktok download\">tiktok download<\/a>,<br \/>\n<a style=\"font-size:18px;\" href=\"https:\/\/tiktokdown.org\" title=\"download tiktok\">download tiktok<\/a>,<br \/>\n<a style=\"font-size:18px;\" href=\"https:\/\/xvideospor.com\/?k=sex+mex\" title=\"sex mex\">sex mex<\/a>,<br \/>\n<a style=\"font-size:18px;\" href=\"https:\/\/playytb.com\/watch\/Han-India\" title=\"Han India\">Han India<\/a>,<br \/>\n<a style=\"font-size:18px;\" href=\"https:\/\/playytb.com\/watch\/Ratify-Treaties\" title=\"Ratify Treaties\">Ratify Treaties<\/a>,<br \/>\n<a style=\"font-size:18px;\" href=\"https:\/\/xvideosxxl.com\/?k=jav\" title=\"jav\">jav<\/a>,\n<\/div><\/p>\n","protected":false},"excerpt":{"rendered":"","protected":false},"author":1,"featured_media":0,"parent":0,"menu_order":0,"comment_status":"closed","ping_status":"closed","template":"templates\/fullwidth.php","meta":{"_acf_changed":false,"inline_featured_image":false,"footnotes":""},"class_list":["post-1617","page","type-page","status-publish","hentry"],"acf":[],"yoast_head":"<!-- This site is optimized with the Yoast SEO plugin v26.6 - https:\/\/yoast.com\/wordpress\/plugins\/seo\/ -->\n<title>Datenschutzerkl\u00e4rung - Move Batteries<\/title>\n<meta name=\"robots\" content=\"index, follow, max-snippet:-1, max-image-preview:large, max-video-preview:-1\" \/>\n<link rel=\"canonical\" href=\"https:\/\/movebatteries.com\/de\/datenschutzerklarung\/\" \/>\n<meta property=\"og:locale\" content=\"de_DE\" \/>\n<meta property=\"og:type\" content=\"article\" \/>\n<meta property=\"og:title\" content=\"Datenschutzerkl\u00e4rung - Move Batteries\" \/>\n<meta property=\"og:url\" content=\"https:\/\/movebatteries.com\/de\/datenschutzerklarung\/\" \/>\n<meta property=\"og:site_name\" content=\"Move Batteries\" \/>\n<meta name=\"twitter:card\" content=\"summary_large_image\" \/>\n<meta name=\"twitter:label1\" content=\"Gesch\u00e4tzte Lesezeit\" \/>\n\t<meta name=\"twitter:data1\" content=\"3\u00a0Minuten\" \/>\n<script type=\"application\/ld+json\" class=\"yoast-schema-graph\">{\"@context\":\"https:\/\/schema.org\",\"@graph\":[{\"@type\":\"WebPage\",\"@id\":\"https:\/\/movebatteries.com\/de\/datenschutzerklarung\/\",\"url\":\"https:\/\/movebatteries.com\/de\/datenschutzerklarung\/\",\"name\":\"Datenschutzerkl\u00e4rung - Move Batteries\",\"isPartOf\":{\"@id\":\"https:\/\/movebatteries.com\/de\/#website\"},\"datePublished\":\"2022-03-09T15:46:02+00:00\",\"breadcrumb\":{\"@id\":\"https:\/\/movebatteries.com\/de\/datenschutzerklarung\/#breadcrumb\"},\"inLanguage\":\"de\",\"potentialAction\":[{\"@type\":\"ReadAction\",\"target\":[\"https:\/\/movebatteries.com\/de\/datenschutzerklarung\/\"]}]},{\"@type\":\"BreadcrumbList\",\"@id\":\"https:\/\/movebatteries.com\/de\/datenschutzerklarung\/#breadcrumb\",\"itemListElement\":[{\"@type\":\"ListItem\",\"position\":1,\"name\":\"Home\",\"item\":\"https:\/\/movebatteries.com\/de\/move-batteries\/\"},{\"@type\":\"ListItem\",\"position\":2,\"name\":\"Datenschutzerkl\u00e4rung\"}]},{\"@type\":\"WebSite\",\"@id\":\"https:\/\/movebatteries.com\/de\/#website\",\"url\":\"https:\/\/movebatteries.com\/de\/\",\"name\":\"Move Batteries\",\"description\":\"En nog een WordPress site\",\"potentialAction\":[{\"@type\":\"SearchAction\",\"target\":{\"@type\":\"EntryPoint\",\"urlTemplate\":\"https:\/\/movebatteries.com\/de\/?s={search_term_string}\"},\"query-input\":{\"@type\":\"PropertyValueSpecification\",\"valueRequired\":true,\"valueName\":\"search_term_string\"}}],\"inLanguage\":\"de\"}]}<\/script>\n<!-- \/ Yoast SEO plugin. -->","yoast_head_json":{"title":"Datenschutzerkl\u00e4rung - Move Batteries","robots":{"index":"index","follow":"follow","max-snippet":"max-snippet:-1","max-image-preview":"max-image-preview:large","max-video-preview":"max-video-preview:-1"},"canonical":"https:\/\/movebatteries.com\/de\/datenschutzerklarung\/","og_locale":"de_DE","og_type":"article","og_title":"Datenschutzerkl\u00e4rung - Move Batteries","og_url":"https:\/\/movebatteries.com\/de\/datenschutzerklarung\/","og_site_name":"Move Batteries","twitter_card":"summary_large_image","twitter_misc":{"Gesch\u00e4tzte Lesezeit":"3\u00a0Minuten"},"schema":{"@context":"https:\/\/schema.org","@graph":[{"@type":"WebPage","@id":"https:\/\/movebatteries.com\/de\/datenschutzerklarung\/","url":"https:\/\/movebatteries.com\/de\/datenschutzerklarung\/","name":"Datenschutzerkl\u00e4rung - Move Batteries","isPartOf":{"@id":"https:\/\/movebatteries.com\/de\/#website"},"datePublished":"2022-03-09T15:46:02+00:00","breadcrumb":{"@id":"https:\/\/movebatteries.com\/de\/datenschutzerklarung\/#breadcrumb"},"inLanguage":"de","potentialAction":[{"@type":"ReadAction","target":["https:\/\/movebatteries.com\/de\/datenschutzerklarung\/"]}]},{"@type":"BreadcrumbList","@id":"https:\/\/movebatteries.com\/de\/datenschutzerklarung\/#breadcrumb","itemListElement":[{"@type":"ListItem","position":1,"name":"Home","item":"https:\/\/movebatteries.com\/de\/move-batteries\/"},{"@type":"ListItem","position":2,"name":"Datenschutzerkl\u00e4rung"}]},{"@type":"WebSite","@id":"https:\/\/movebatteries.com\/de\/#website","url":"https:\/\/movebatteries.com\/de\/","name":"Move Batteries","description":"En nog een WordPress site","potentialAction":[{"@type":"SearchAction","target":{"@type":"EntryPoint","urlTemplate":"https:\/\/movebatteries.com\/de\/?s={search_term_string}"},"query-input":{"@type":"PropertyValueSpecification","valueRequired":true,"valueName":"search_term_string"}}],"inLanguage":"de"}]}},"_links":{"self":[{"href":"https:\/\/movebatteries.com\/de\/wp-json\/wp\/v2\/pages\/1617","targetHints":{"allow":["GET"]}}],"collection":[{"href":"https:\/\/movebatteries.com\/de\/wp-json\/wp\/v2\/pages"}],"about":[{"href":"https:\/\/movebatteries.com\/de\/wp-json\/wp\/v2\/types\/page"}],"author":[{"embeddable":true,"href":"https:\/\/movebatteries.com\/de\/wp-json\/wp\/v2\/users\/1"}],"replies":[{"embeddable":true,"href":"https:\/\/movebatteries.com\/de\/wp-json\/wp\/v2\/comments?post=1617"}],"version-history":[{"count":0,"href":"https:\/\/movebatteries.com\/de\/wp-json\/wp\/v2\/pages\/1617\/revisions"}],"wp:attachment":[{"href":"https:\/\/movebatteries.com\/de\/wp-json\/wp\/v2\/media?parent=1617"}],"curies":[{"name":"wp","href":"https:\/\/api.w.org\/{rel}","templated":true}]}}